{"id":1511,"date":"2021-06-23T00:57:26","date_gmt":"2021-06-22T22:57:26","guid":{"rendered":"http:\/\/derechosemipresencial.zeus.umh.es\/?page_id=1511"},"modified":"2021-07-25T16:30:05","modified_gmt":"2021-07-25T14:30:05","slug":"campus-virtual","status":"publish","type":"page","link":"https:\/\/derechosemipresencial.umh.es\/ca\/campus-virtual\/","title":{"rendered":"<span lang=\"es\">(Espa\u00f1ol) Campus virtual<\/span>"},"content":{"rendered":"<p>[et_pb_section fb_built=&#8221;1&#8243; _builder_version=&#8221;4.2.2&#8243; background_image=&#8221;http:\/\/derechosemipresencial.zeus.umh.es\/files\/2021\/06\/1500&#215;500.jpg&#8221; height=&#8221;313px&#8221;][et_pb_row _builder_version=&#8221;4.2.2&#8243;][et_pb_column type=&#8221;4_4&#8243; _builder_version=&#8221;4.2.2&#8243;][et_pb_text _builder_version=&#8221;4.2.2&#8243; text_font=&#8221;|600|||||||&#8221; text_text_color=&#8221;#ffffff&#8221; text_font_size=&#8221;35px&#8221; transform_translate=&#8221;1px|-55px&#8221; text_orientation=&#8221;center&#8221; module_alignment=&#8221;center&#8221;]Grado en Derecho Semipresencial[\/et_pb_text][\/et_pb_column][\/et_pb_row][\/et_pb_section][et_pb_section fb_built=&#8221;1&#8243; _builder_version=&#8221;4.2.2&#8243;][et_pb_row _builder_version=&#8221;4.2.2&#8243;][et_pb_column type=&#8221;4_4&#8243; _builder_version=&#8221;4.2.2&#8243;][et_pb_tabs _builder_version=&#8221;4.2.2&#8243;][et_pb_tab title=&#8221;Asignaturas de primer curso &#8221; _builder_version=&#8221;4.2.2&#8243;]<\/p>\n<table>\n<caption>Semestre 1<\/caption>\n<tbody>\n<tr>\n<th rowspan=\"2\">Menci&oacute;n<\/th>\n<th colspan=\"3\">ASIGNATURA<\/th>\n<th colspan=\"3\">CR&Eacute;DITOS<\/th>\n<\/tr>\n<tr>\n<th>C&oacute;digo<\/th>\n<th>Tipo<\/th>\n<th>Nombre<\/th>\n<th>tot<\/th>\n<th>teor<\/th>\n<th>pr&aacute;c<\/th>\n<\/tr>\n<tr>\n<td colspan=\"7\">PRIMER CURSO<\/td>\n<\/tr>\n<tr>\n<td>&nbsp;<\/td>\n<td>1185<\/td>\n<td>B&aacute;sica<\/td>\n<td><a href=\"http:\/\/umh1185sp.edu.umh.es\/\">TEOR&Iacute;A DEL DERECHO<\/a><\/td>\n<td>6<\/td>\n<td>3<\/td>\n<td>3<\/td>\n<\/tr>\n<tr>\n<td>&nbsp;<\/td>\n<td>1187<\/td>\n<td>B&aacute;sica<\/td>\n<td><a href=\"http:\/\/umh1187sp.edu.umh.es\/\">FUNDAMENTOS DE ECONOM&Iacute;A DE LA EMPRESA<\/a>&nbsp; &nbsp; &nbsp; &nbsp; &nbsp; &nbsp; &nbsp; &nbsp; <span style=\"color: #ffffff\">.<\/span><\/td>\n<td>6<\/td>\n<td>3<\/td>\n<td>3<\/td>\n<\/tr>\n<tr>\n<td>&nbsp;<\/td>\n<td>1188<\/td>\n<td>B&aacute;sica<\/td>\n<td><a href=\"http:\/\/umh1188sp.edu.umh.es\/\">DERECHO CONSTITUCIONAL<\/a><\/td>\n<td>6<\/td>\n<td>3<\/td>\n<td>3<\/td>\n<\/tr>\n<tr>\n<td>&nbsp;<\/td>\n<td>1191<\/td>\n<td>B&aacute;sica<\/td>\n<td><a href=\"http:\/\/umh1191sp.edu.umh.es\/\">DERECHO ROMANO<\/a><\/td>\n<td>6<\/td>\n<td>4<\/td>\n<td>2<\/td>\n<\/tr>\n<tr>\n<td>&nbsp;<\/td>\n<td>1193<\/td>\n<td>B&aacute;sica<\/td>\n<td><a href=\"http:\/\/umh1193sp.edu.umh.es\/\">HISTORIA DEL DERECHO<\/a><\/td>\n<td>6<\/td>\n<td>3<\/td>\n<td>3<\/td>\n<\/tr>\n<\/tbody>\n<\/table>\n<p>&nbsp;<\/p>\n<table>\n<caption>Semestre 2<\/caption>\n<tbody>\n<tr>\n<th rowspan=\"2\">Menci&oacute;n<\/th>\n<th colspan=\"3\">ASIGNATURA<\/th>\n<th colspan=\"3\">CR&Eacute;DITOS<\/th>\n<\/tr>\n<tr>\n<th>C&oacute;digo<\/th>\n<th>Tipo<\/th>\n<th>Nombre<\/th>\n<th>tot<\/th>\n<th>teor<\/th>\n<th>pr&aacute;c<\/th>\n<\/tr>\n<tr>\n<td colspan=\"7\">PRIMER CURSO<\/td>\n<\/tr>\n<tr>\n<td>&nbsp;<\/td>\n<td>1184<\/td>\n<td>B&aacute;sica<\/td>\n<td><a href=\"http:\/\/umh1184sp.edu.umh.es\/\">INTRODUCCI&Oacute;N A LA ECONOM&Iacute;A<\/a><\/td>\n<td>6<\/td>\n<td>3<\/td>\n<td>3<\/td>\n<\/tr>\n<tr>\n<td>&nbsp;<\/td>\n<td>1186<\/td>\n<td>B&aacute;sica<\/td>\n<td><a href=\"http:\/\/umh1186sp.edu.umh.es\/\">ADMINISTRACI&Oacute;N DE EMPRESAS<\/a><\/td>\n<td>6<\/td>\n<td>3<\/td>\n<td>3<\/td>\n<\/tr>\n<tr>\n<td>&nbsp;<\/td>\n<td>1189<\/td>\n<td>B&aacute;sica<\/td>\n<td><a href=\"http:\/\/umh1189sp.edu.umh.es\/\">DERECHO ADMINISTRATIVO I<\/a><\/td>\n<td>6<\/td>\n<td>3<\/td>\n<td>3<\/td>\n<\/tr>\n<tr>\n<td>&nbsp;<\/td>\n<td>1190<\/td>\n<td>B&aacute;sica<\/td>\n<td><a href=\"http:\/\/umh1190sp.edu.umh.es\/\">IGUALDAD, DERECHOS Y GARANT&Iacute;AS CONSTITUCIONALES<\/a><\/td>\n<td>6<\/td>\n<td>3<\/td>\n<td>3<\/td>\n<\/tr>\n<tr>\n<td>&nbsp;<\/td>\n<td>1192<\/td>\n<td>B&aacute;sica<\/td>\n<td><a href=\"http:\/\/umh1192sp.edu.umh.es\/\">DERECHO CIVIL I<\/a><\/td>\n<td>6<\/td>\n<td>3<\/td>\n<td>3<\/td>\n<\/tr>\n<\/tbody>\n<\/table>\n<p>&nbsp;<\/p>\n<p>[\/et_pb_tab][et_pb_tab title=&#8221;Asignaturas de segundo curso &#8221; _builder_version=&#8221;4.2.2&#8243;]<\/p>\n<table>\n<caption>Semestre 1<\/caption>\n<tbody>\n<tr>\n<th rowspan=\"2\">Menci\u00f3n<\/th>\n<th colspan=\"3\">ASIGNATURA<\/th>\n<th colspan=\"3\">CR\u00c9DITOS<\/th>\n<\/tr>\n<tr>\n<th>C\u00f3digo<\/th>\n<th>Tipo<\/th>\n<th>Nombre<\/th>\n<th>tot<\/th>\n<th>teor<\/th>\n<th>pr\u00e1c<\/th>\n<\/tr>\n<tr>\n<td colspan=\"7\">SEGUNDO CURSO<\/td>\n<\/tr>\n<tr>\n<td><\/td>\n<td>1432<\/td>\n<td>Obligatoria<\/td>\n<td><a href=\"http:\/\/umh1432sp.edu.umh.es\/\">BASES ACTUALES DEL DERECHO FINANCIERO Y TRIBUTARIO<\/a><\/td>\n<td>6<\/td>\n<td>3<\/td>\n<td>3<\/td>\n<\/tr>\n<tr>\n<td><\/td>\n<td>1435<\/td>\n<td>Obligatoria<\/td>\n<td><a href=\"http:\/\/umh1435sp.edu.umh.es\/\">DERECHO PENAL I<\/a><\/td>\n<td>6<\/td>\n<td>3<\/td>\n<td>3<\/td>\n<\/tr>\n<tr>\n<td><\/td>\n<td>1438<\/td>\n<td>Obligatoria<\/td>\n<td><a href=\"http:\/\/umh1438sp.edu.umh.es\/\">DERECHO CIVIL II<\/a><\/td>\n<td>7,5<\/td>\n<td>4,5<\/td>\n<td>3<\/td>\n<\/tr>\n<tr>\n<td><\/td>\n<td>1439<\/td>\n<td>Obligatoria<\/td>\n<td><a href=\"http:\/\/umh1439sp.edu.umh.es\/\">DERECHO INTERNACIONAL P\u00daBLICO<\/a><\/td>\n<td>6<\/td>\n<td>3<\/td>\n<td>3<\/td>\n<\/tr>\n<tr>\n<td><\/td>\n<td>1442<\/td>\n<td>Obligatoria<\/td>\n<td><a href=\"http:\/\/umh1442sp.edu.umh.es\/\">DERECHO ADMINISTRATIVO II<\/a><\/td>\n<td>4,5<\/td>\n<td>3<\/td>\n<td>1,5<\/td>\n<\/tr>\n<\/tbody>\n<\/table>\n<p>&nbsp;<\/p>\n<table>\n<caption>Semestre 2<\/caption>\n<tbody>\n<tr>\n<th rowspan=\"2\">Menci\u00f3n<\/th>\n<th colspan=\"3\">ASIGNATURA<\/th>\n<th colspan=\"3\">CR\u00c9DITOS<\/th>\n<\/tr>\n<tr>\n<th>C\u00f3digo<\/th>\n<th>Tipo<\/th>\n<th>Nombre<\/th>\n<th>tot<\/th>\n<th>teor<\/th>\n<th>pr\u00e1c<\/th>\n<\/tr>\n<tr>\n<td colspan=\"7\">SEGUNDO CURSO<\/td>\n<\/tr>\n<tr>\n<td><\/td>\n<td>1424<\/td>\n<td>Obligatoria<\/td>\n<td><a href=\"http:\/\/umh1424sp.edu.umh.es\/\">INTRODUCCI\u00d3N AL DERECHO MERCANTIL<\/a> \u00a0 \u00a0 \u00a0 \u00a0 \u00a0 \u00a0 \u00a0 \u00a0 \u00a0 \u00a0 \u00a0 \u00a0 \u00a0 \u00a0<span style=\"color: #ffffff\">.<\/span><\/td>\n<td>6<\/td>\n<td>3<\/td>\n<td>3<\/td>\n<\/tr>\n<tr>\n<td><\/td>\n<td>1428<\/td>\n<td>Obligatoria<\/td>\n<td><a href=\"http:\/\/umh1428sp.edu.umh.es\/\">PSICOLOG\u00cdA DE LA COMUNICACI\u00d3N<\/a><\/td>\n<td>4,5<\/td>\n<td>3<\/td>\n<td>1,5<\/td>\n<\/tr>\n<tr>\n<td><\/td>\n<td>1430<\/td>\n<td>Obligatoria<\/td>\n<td><a href=\"http:\/\/umh1430sp.edu.umh.es\/\">SISTEMA TRIBUTARIO ESPA\u00d1OL<\/a><\/td>\n<td>7,5<\/td>\n<td>4,5<\/td>\n<td>3<\/td>\n<\/tr>\n<tr>\n<td><\/td>\n<td>1440<\/td>\n<td>Obligatoria<\/td>\n<td><a href=\"http:\/\/umh1440sp.edu.umh.es\/\">DERECHO DE LA UNI\u00d3N EUROPEA<\/a><\/td>\n<td>6<\/td>\n<td>3<\/td>\n<td>3<\/td>\n<\/tr>\n<tr>\n<td><\/td>\n<td>1444<\/td>\n<td>Obligatoria<\/td>\n<td><a href=\"http:\/\/umh1444sp.edu.umh.es\/\">DERECHO DEL TRABAJO<\/a><\/td>\n<td>6<\/td>\n<td>3<\/td>\n<td>3<\/td>\n<\/tr>\n<\/tbody>\n<\/table>\n<p>&nbsp;[\/et_pb_tab][et_pb_tab title=&#8221;Asignaturas de tercer cuso &#8221; _builder_version=&#8221;4.2.2&#8243;]<\/p>\n<table>\n<caption>Semestre 1<\/caption>\n<tbody>\n<tr>\n<th rowspan=\"2\">Menci\u00f3n<\/th>\n<th colspan=\"3\">ASIGNATURA<\/th>\n<th colspan=\"3\">CR\u00c9DITOS<\/th>\n<\/tr>\n<tr>\n<th>C\u00f3digo<\/th>\n<th>Tipo<\/th>\n<th>Nombre<\/th>\n<th>tot<\/th>\n<th>teor<\/th>\n<th>pr\u00e1c<\/th>\n<\/tr>\n<tr>\n<td colspan=\"7\">TERCER CURSO<\/td>\n<\/tr>\n<tr>\n<td><\/td>\n<td>1425<\/td>\n<td>Obligatoria<\/td>\n<td><a href=\"http:\/\/umh1425sp.edu.umh.es\/\" target=\"_blank\" rel=\"noopener noreferrer\">DERECHO DE SOCIEDADES MERCANTILES<\/a><\/td>\n<td>4,5<\/td>\n<td>3<\/td>\n<td>1,5<\/td>\n<\/tr>\n<tr>\n<td><\/td>\n<td>1429<\/td>\n<td>Obligatoria<\/td>\n<td><a href=\"http:\/\/umh1429sp.edu.umh.es\/\" target=\"_blank\" rel=\"noopener noreferrer\">R\u00c9GIMEN TRIBUTARIO DE LA EMPRESA<\/a><\/td>\n<td>6<\/td>\n<td>3<\/td>\n<td>3<\/td>\n<\/tr>\n<tr>\n<td><\/td>\n<td>1436<\/td>\n<td>Obligatoria<\/td>\n<td><a href=\"http:\/\/umh1436sp.edu.umh.es\/\" target=\"_blank\" rel=\"noopener noreferrer\">DERECHO PENAL II<\/a><\/td>\n<td>7,5<\/td>\n<td>4<\/td>\n<td>3,5<\/td>\n<\/tr>\n<tr>\n<td><\/td>\n<td>1437<\/td>\n<td>Obligatoria<\/td>\n<td><a href=\"http:\/\/umh1437sp.edu.umh.es\/\" target=\"_blank\" rel=\"noopener noreferrer\">DERECHO CIVIL III<\/a><\/td>\n<td>6<\/td>\n<td>3<\/td>\n<td>3<\/td>\n<\/tr>\n<tr>\n<td><\/td>\n<td>1446<\/td>\n<td>Obligatoria<\/td>\n<td><a href=\"http:\/\/umh1446sp.edu.umh.es\/\" target=\"_blank\" rel=\"noopener noreferrer\">CONTABILIDAD FINANCIERA\u00a0 \u00a0 \u00a0 <\/a>\u00a0 \u00a0 \u00a0 \u00a0 \u00a0 \u00a0 \u00a0 \u00a0 \u00a0 \u00a0 \u00a0 \u00a0 <span style=\"color: #ffffff\">.<\/span><\/td>\n<td>6<\/td>\n<td>3<\/td>\n<td>3<\/td>\n<\/tr>\n<\/tbody>\n<\/table>\n<p>&nbsp;<\/p>\n<table>\n<caption>Semestre 2<\/caption>\n<tbody>\n<tr>\n<th rowspan=\"2\">Menci\u00f3n<\/th>\n<th colspan=\"3\">ASIGNATURA<\/th>\n<th colspan=\"3\">CR\u00c9DITOS<\/th>\n<\/tr>\n<tr>\n<th>C\u00f3digo<\/th>\n<th>Tipo<\/th>\n<th>Nombre<\/th>\n<th>tot<\/th>\n<th>teor<\/th>\n<th>pr\u00e1c<\/th>\n<\/tr>\n<tr>\n<td colspan=\"7\">TERCER CURSO<\/td>\n<\/tr>\n<tr>\n<td><\/td>\n<td>1426<\/td>\n<td>Obligatoria<\/td>\n<td><a href=\"http:\/\/umh1426sp.edu.umh.es\/\" target=\"_blank\" rel=\"noopener noreferrer\">CONTRATACI\u00d3N MERCANTIL Y T\u00cdTULOS VALORES<\/a><\/td>\n<td>6<\/td>\n<td>3<\/td>\n<td>3<\/td>\n<\/tr>\n<tr>\n<td><\/td>\n<td>1431<\/td>\n<td>Obligatoria<\/td>\n<td><a href=\"http:\/\/umh1431sp.edu.umh.es\/\" target=\"_blank\" rel=\"noopener noreferrer\">TRIBUTACI\u00d3N INTERNACIONAL<\/a><\/td>\n<td>4,5<\/td>\n<td>3<\/td>\n<td>1,5<\/td>\n<\/tr>\n<tr>\n<td><\/td>\n<td>1434<\/td>\n<td>Obligatoria<\/td>\n<td><a href=\"http:\/\/umh1434sp.edu.umh.es\/\" target=\"_blank\" rel=\"noopener noreferrer\">DERECHO PROCESAL CIVIL<\/a><\/td>\n<td>7,5<\/td>\n<td>4,5<\/td>\n<td>3<\/td>\n<\/tr>\n<tr>\n<td><\/td>\n<td>1441<\/td>\n<td>Obligatoria<\/td>\n<td><a href=\"http:\/\/umh1441sp.edu.umh.es\/\" target=\"_blank\" rel=\"noopener noreferrer\">DERECHO ADMINISTRATIVO III<\/a><\/td>\n<td>4,5<\/td>\n<td>3<\/td>\n<td>1,5<\/td>\n<\/tr>\n<tr>\n<td><\/td>\n<td>1448<\/td>\n<td>Obligatoria<\/td>\n<td><a href=\"http:\/\/umh1448sp.edu.umh.es\/\" target=\"_blank\" rel=\"noopener noreferrer\">DERECHO INTERNACIONAL PRIVADO<\/a><\/td>\n<td>7,5<\/td>\n<td>4,5<\/td>\n<td>3<\/td>\n<\/tr>\n<\/tbody>\n<\/table>\n<p>[\/et_pb_tab][et_pb_tab title=&#8221;Asignaturas de cuarto curso &#8221; _builder_version=&#8221;4.2.2&#8243;]<\/p>\n<table>\n<caption>Semestre 1<\/caption>\n<tbody>\n<tr>\n<th rowspan=\"2\">Menci\u00f3n<\/th>\n<th colspan=\"3\">ASIGNATURA<\/th>\n<th colspan=\"3\">CR\u00c9DITOS<\/th>\n<\/tr>\n<tr>\n<th>C\u00f3digo<\/th>\n<th>Tipo<\/th>\n<th>Nombre<\/th>\n<th>tot<\/th>\n<th>teor<\/th>\n<th>pr\u00e1c<\/th>\n<\/tr>\n<tr>\n<td colspan=\"7\">CUARTO CURSO<\/td>\n<\/tr>\n<tr>\n<td><\/td>\n<td>1427<\/td>\n<td>Obligatoria<\/td>\n<td><a href=\"http:\/\/umh1427sp.edu.umh.es\" target=\"_blank\" rel=\"noopener noreferrer\">DERECHO DEL MERCADO Y CONCURSAL\u00a0<\/a> \u00a0 \u00a0 \u00a0 \u00a0 \u00a0 \u00a0 \u00a0 \u00a0 \u00a0 \u00a0 \u00a0 \u00a0 \u00a0 \u00a0 <span style=\"color: #ffffff\">..<\/span><\/td>\n<td>7,5<\/td>\n<td>4,5<\/td>\n<td>3<\/td>\n<\/tr>\n<tr>\n<td><\/td>\n<td>1433<\/td>\n<td>Obligatoria<\/td>\n<td><a href=\"http:\/\/umh1433sp.edu.umh.es\" target=\"_blank\" rel=\"noopener noreferrer\">DERECHO PROCESAL PENAL<\/a><\/td>\n<td>7,5<\/td>\n<td>4,5<\/td>\n<td>3<\/td>\n<\/tr>\n<tr>\n<td><\/td>\n<td>1443<\/td>\n<td>Obligatoria<\/td>\n<td><a href=\"http:\/\/umh1443sp.edu.umh.es\" target=\"_blank\" rel=\"noopener noreferrer\">FILOSOF\u00cdA DEL DERECHO Y DEONTOLOG\u00cdA<\/a><\/td>\n<td>4,5<\/td>\n<td>3<\/td>\n<td>1,5<\/td>\n<\/tr>\n<tr>\n<td><\/td>\n<td>1445<\/td>\n<td>Obligatoria<\/td>\n<td><a href=\"http:\/\/umh1445sp.edu.umh.es\/\" target=\"_blank\" rel=\"noopener noreferrer\">SEGURIDAD SOCIAL<\/a><\/td>\n<td>4,5<\/td>\n<td>3<\/td>\n<td>1,5<\/td>\n<\/tr>\n<tr>\n<td><\/td>\n<td>1447<\/td>\n<td>Obligatoria<\/td>\n<td><a href=\"http:\/\/umh1447sp.edu.umh.es\" target=\"_blank\" rel=\"noopener noreferrer\">PLANIFICACI\u00d3N CONTABLE<\/a><\/td>\n<td>6<\/td>\n<td>3<\/td>\n<td>3<\/td>\n<\/tr>\n<\/tbody>\n<\/table>\n<p>&nbsp;<\/p>\n<table>\n<caption>Semestre 2<\/caption>\n<tbody>\n<tr>\n<th rowspan=\"2\">Menci\u00f3n<\/th>\n<th colspan=\"3\">ASIGNATURA<\/th>\n<th colspan=\"3\">CR\u00c9DITOS<\/th>\n<\/tr>\n<tr>\n<th>C\u00f3digo<\/th>\n<th>Tipo<\/th>\n<th>Nombre<\/th>\n<th>tot<\/th>\n<th>teor<\/th>\n<th>pr\u00e1c<\/th>\n<\/tr>\n<tr>\n<td colspan=\"7\">CUARTO CURSO<\/td>\n<\/tr>\n<tr>\n<td><\/td>\n<td>1458<\/td>\n<td>Trabajo Fin Grado<\/td>\n<td><a href=\"http:\/\/umh1458sp.edu.umh.es\" target=\"_blank\" rel=\"noopener noreferrer\">TRABAJO FIN DE GRADO<\/a><\/td>\n<td>6<\/td>\n<td>3<\/td>\n<td>3<\/td>\n<\/tr>\n<tr>\n<td colspan=\"7\">OPTATIVAS<\/td>\n<\/tr>\n<tr>\n<td><\/td>\n<td>1449<\/td>\n<td>Optativa<\/td>\n<td><a href=\"http:\/\/umh1449sp.edu.umh.es\" target=\"_blank\" rel=\"noopener noreferrer\">DERECHO PENAL DE LA EMPRESA<\/a><\/td>\n<td>4,5<\/td>\n<td>2,5<\/td>\n<td>2<\/td>\n<\/tr>\n<tr>\n<td><\/td>\n<td>1450<\/td>\n<td>Optativa<\/td>\n<td><a href=\"http:\/\/umh1450sp.edu.umh.es\" target=\"_blank\" rel=\"noopener noreferrer\">MEDIACI\u00d3N Y CONFLICTO<\/a><\/td>\n<td>6<\/td>\n<td>3<\/td>\n<td>3<\/td>\n<\/tr>\n<tr>\n<td><\/td>\n<td>1451<\/td>\n<td>Optativa<\/td>\n<td><a href=\"http:\/\/umh1451sp.edu.umh.es\" target=\"_blank\" rel=\"noopener noreferrer\">CONTABILIDAD INFORMATIZADA<\/a><\/td>\n<td>6<\/td>\n<td>3<\/td>\n<td>3<\/td>\n<\/tr>\n<tr>\n<td><\/td>\n<td>1452<\/td>\n<td>Optativa<\/td>\n<td><a href=\"http:\/\/umh1452sp.edu.umh.es\" target=\"_blank\" rel=\"noopener noreferrer\">CREACI\u00d3N DE EMPRESAS<\/a><\/td>\n<td>6<\/td>\n<td>3<\/td>\n<td>3<\/td>\n<\/tr>\n<tr>\n<td><\/td>\n<td>1453<\/td>\n<td>Optativa<\/td>\n<td><a href=\"http:\/\/umh1453sp.edu.umh.es\" target=\"_blank\" rel=\"noopener noreferrer\">ASESORAMIENTO Y PR\u00c1CTICA TRIBUTARIA<\/a><\/td>\n<td>6<\/td>\n<td>3<\/td>\n<td>3<\/td>\n<\/tr>\n<tr>\n<td><\/td>\n<td>1454<\/td>\n<td>Optativa<\/td>\n<td><a href=\"http:\/\/umh1454sp.edu.umh.es\" target=\"_blank\" rel=\"noopener noreferrer\">DERECHO AUTON\u00d3MICO<\/a><\/td>\n<td>4,5<\/td>\n<td>3<\/td>\n<td>1,5<\/td>\n<\/tr>\n<tr>\n<td><\/td>\n<td>1455<\/td>\n<td>Optativa<\/td>\n<td><a href=\"http:\/\/umh1455sp.edu.umh.es\" target=\"_blank\" rel=\"noopener noreferrer\">HISTORIA DE LA ADMINISTRACI\u00d3N DE JUSTICIA<\/a><\/td>\n<td>6<\/td>\n<td>3<\/td>\n<td>3<\/td>\n<\/tr>\n<tr>\n<td><\/td>\n<td>1456<\/td>\n<td>Optativa<\/td>\n<td><a href=\"http:\/\/umh1456sp.edu.umh.es\" target=\"_blank\" rel=\"noopener noreferrer\">TEOR\u00cdA Y PR\u00c1CTICA DE LA INTERPRETACI\u00d3N JUR\u00cdDICA<\/a><\/td>\n<td>4,5<\/td>\n<td>3<\/td>\n<td>1,5<\/td>\n<\/tr>\n<tr>\n<td><\/td>\n<td>1457<\/td>\n<td>Optativa<\/td>\n<td><a href=\"http:\/\/umh1457sp.edu.umh.es\" target=\"_blank\" rel=\"noopener noreferrer\">DERECHO ECLESI\u00c1STICO DEL ESTADO<\/a><\/td>\n<td>4,5<\/td>\n<td>4<\/td>\n<td>0,5<\/td>\n<\/tr>\n<\/tbody>\n<\/table>\n<p>[\/et_pb_tab][\/et_pb_tabs][\/et_pb_column][\/et_pb_row][\/et_pb_section]<\/p>\n","protected":false},"excerpt":{"rendered":"<p>Grado en Derecho Semipresencial Semestre 1 Menci&oacute;n ASIGNATURA CR&Eacute;DITOS C&oacute;digo Tipo Nombre tot teor pr&aacute;c PRIMER CURSO &nbsp; 1185 B&aacute;sica TEOR&Iacute;A DEL DERECHO 6 3 3 &nbsp; 1187 B&aacute;sica FUNDAMENTOS DE ECONOM&Iacute;A DE LA EMPRESA&nbsp; &nbsp; &nbsp; &nbsp; &nbsp; &nbsp; &nbsp; &nbsp; . 6 3 3 &nbsp; 1188 B&aacute;sica DERECHO CONSTITUCIONAL 6 3 3 &nbsp; [&hellip;]<\/p>\n","protected":false},"author":3004,"featured_media":0,"parent":0,"menu_order":0,"comment_status":"closed","ping_status":"closed","template":"","meta":{"_et_pb_use_builder":"on","_et_pb_old_content":"","_et_gb_content_width":"","ngg_post_thumbnail":0,"_links_to":"","_links_to_target":""},"_links":{"self":[{"href":"https:\/\/derechosemipresencial.umh.es\/ca\/wp-json\/wp\/v2\/pages\/1511"}],"collection":[{"href":"https:\/\/derechosemipresencial.umh.es\/ca\/wp-json\/wp\/v2\/pages"}],"about":[{"href":"https:\/\/derechosemipresencial.umh.es\/ca\/wp-json\/wp\/v2\/types\/page"}],"author":[{"embeddable":true,"href":"https:\/\/derechosemipresencial.umh.es\/ca\/wp-json\/wp\/v2\/users\/3004"}],"replies":[{"embeddable":true,"href":"https:\/\/derechosemipresencial.umh.es\/ca\/wp-json\/wp\/v2\/comments?post=1511"}],"version-history":[{"count":0,"href":"https:\/\/derechosemipresencial.umh.es\/ca\/wp-json\/wp\/v2\/pages\/1511\/revisions"}],"wp:attachment":[{"href":"https:\/\/derechosemipresencial.umh.es\/ca\/wp-json\/wp\/v2\/media?parent=1511"}],"curies":[{"name":"wp","href":"https:\/\/api.w.org\/{rel}","templated":true}]}}